{"id":16,"date":"2021-08-18T05:13:53","date_gmt":"2021-08-18T05:13:53","guid":{"rendered":"https:\/\/retbo.demotheme.matbao.support\/my-account\/"},"modified":"2021-08-18T05:13:53","modified_gmt":"2021-08-18T05:13:53","slug":"my-account","status":"publish","type":"page","link":"https:\/\/hemxeeobi.com\/?page_id=16","title":{"rendered":"My account"},"content":{"rendered":"<div class=\"woocommerce\"><div class=\"woocommerce-notices-wrapper\"><\/div>\n\n<div class=\"u-columns col2-set\" id=\"customer_login\">\n\n\t<div class=\"u-column1 col-1\">\n\n\n\t\t<h2>\u0110\u0103ng nh\u1eadp<\/h2>\n\n\t\t<form class=\"woocommerce-form woocommerce-form-login login\" method=\"post\">\n\n\t\t\t\n\t\t\t<p class=\"woocommerce-form-row woocommerce-form-row--wide form-row form-row-wide\">\n\t\t\t\t<label for=\"username\">T\u00ean t\u00e0i kho\u1ea3n ho\u1eb7c \u0111\u1ecba ch\u1ec9 email&nbsp;<span class=\"required\">*<\/span><\/label>\n\t\t\t\t<input type=\"text\" class=\"woocommerce-Input woocommerce-Input--text input-text\" name=\"username\" id=\"username\" autocomplete=\"username\" value=\"\" \/>\t\t\t<\/p>\n\t\t\t<p class=\"woocommerce-form-row woocommerce-form-row--wide form-row form-row-wide\">\n\t\t\t\t<label for=\"password\">M\u1eadt kh\u1ea9u&nbsp;<span class=\"required\">*<\/span><\/label>\n\t\t\t\t<input class=\"woocommerce-Input woocommerce-Input--text input-text\" type=\"password\" name=\"password\" id=\"password\" autocomplete=\"current-password\" \/>\n\t\t\t<\/p>\n\n\t\t\t\n\t\t\t<p class=\"form-row\">\n\t\t\t\t<label class=\"woocommerce-form__label woocommerce-form__label-for-checkbox woocommerce-form-login__rememberme\">\n\t\t\t\t\t<input class=\"woocommerce-form__input woocommerce-form__input-checkbox\" name=\"rememberme\" type=\"checkbox\" id=\"rememberme\" value=\"forever\" \/> <span>Ghi nh\u1edb m\u1eadt kh\u1ea9u<\/span>\n\t\t\t\t<\/label>\n\t\t\t\t<input type=\"hidden\" id=\"woocommerce-login-nonce\" name=\"woocommerce-login-nonce\" value=\"4bb88fab60\" \/><input type=\"hidden\" name=\"_wp_http_referer\" value=\"\/index.php?rest_route=%2Fwp%2Fv2%2Fpages%2F16\" \/>\t\t\t\t<button type=\"submit\" class=\"woocommerce-button button woocommerce-form-login__submit wp-element-button\" name=\"login\" value=\"\u0110\u0103ng nh\u1eadp\">\u0110\u0103ng nh\u1eadp<\/button>\n\t\t\t<\/p>\n\t\t\t<p class=\"woocommerce-LostPassword lost_password\">\n\t\t\t\t<a href=\"https:\/\/hemxeeobi.com\/?page_id=16&#038;lost-password\">Qu\u00ean m\u1eadt kh\u1ea9u?<\/a>\n\t\t\t<\/p>\n\n\t\t\t\n\t\t<\/form>\n\n\n\t<\/div>\n\n\t<div class=\"u-column2 col-2\">\n\n\t\t<h2>\u0110\u0103ng k\u00fd<\/h2>\n\n\t\t<form method=\"post\" class=\"woocommerce-form woocommerce-form-register register\"  >\n\n\t\t\t\n\t\t\t\n\t\t\t<p class=\"woocommerce-form-row woocommerce-form-row--wide form-row form-row-wide\">\n\t\t\t\t<label for=\"reg_email\">\u0110\u1ecba ch\u1ec9 email&nbsp;<span class=\"required\">*<\/span><\/label>\n\t\t\t\t<input type=\"email\" class=\"woocommerce-Input woocommerce-Input--text input-text\" name=\"email\" id=\"reg_email\" autocomplete=\"email\" value=\"\" \/>\t\t\t<\/p>\n\n\t\t\t\n\t\t\t\t<p>A link to set a new password will be sent to your email address.<\/p>\n\n\t\t\t\n\t\t\t\n<div class=\"show_if_seller\" style=\"display:none\">\n\n    <div class=\"split-row form-row-wide\">\n        <p class=\"form-row form-group\">\n            <label for=\"first-name\">First Name <span class=\"required\">*<\/span><\/label>\n            <input type=\"text\" class=\"input-text form-control\" name=\"fname\" id=\"first-name\" value=\"\" required=\"required\" \/>\n        <\/p>\n\n        <p class=\"form-row form-group\">\n            <label for=\"last-name\">Last Name <span class=\"required\">*<\/span><\/label>\n            <input type=\"text\" class=\"input-text form-control\" name=\"lname\" id=\"last-name\" value=\"\" required=\"required\" \/>\n        <\/p>\n    <\/div>\n\n    <p class=\"form-row form-group form-row-wide\">\n        <label for=\"company-name\">Shop Name <span class=\"required\">*<\/span><\/label>\n        <input type=\"text\" class=\"input-text form-control\" name=\"shopname\" id=\"company-name\" value=\"\" required=\"required\" \/>\n    <\/p>\n\n    <p class=\"form-row form-group form-row-wide\">\n        <label for=\"seller-url\" class=\"pull-left\">Shop URL <span class=\"required\">*<\/span><\/label>\n        <strong id=\"url-alart-mgs\" class=\"pull-right\"><\/strong>\n        <input type=\"text\" class=\"input-text form-control\" name=\"shopurl\" id=\"seller-url\" value=\"\" required=\"required\" \/>\n        <small>https:\/\/hemxeeobi.com\/store\/<strong id=\"url-alart\"><\/strong><\/small>\n    <\/p>                                   \n\n    \n    <p class=\"form-row form-group form-row-wide\">\n        <label for=\"shop-phone\">Phone Number<span class=\"required\">*<\/span><\/label>\n        <input type=\"text\" class=\"input-text form-control\" name=\"phone\" id=\"shop-phone\" value=\"\" required=\"required\" \/>\n    <\/p>\n\n    <\/div>\n\n\n<p class=\"form-row form-group user-role vendor-customer-registration\">\n\n    <label class=\"radio\">\n        <input type=\"radio\" name=\"role\" value=\"customer\" checked='checked'>\n        I am a customer    <\/label>\n    <br\/>\n    <label class=\"radio\">\n        <input type=\"radio\" name=\"role\" value=\"seller\">\n        I am a vendor    <\/label>\n    \n<\/p>\n<div class=\"woocommerce-privacy-policy-text\"><p>D\u1eef li\u1ec7u c\u00e1 nh\u00e2n c\u1ee7a b\u1ea1n s\u1ebd \u0111\u01b0\u1ee3c s\u1eed d\u1ee5ng \u0111\u1ec3 h\u1ed7 tr\u1ee3 tr\u1ea3i nghi\u1ec7m c\u1ee7a b\u1ea1n tr\u00ean to\u00e0n b\u1ed9 trang web n\u00e0y, \u0111\u1ec3 qu\u1ea3n l\u00fd quy\u1ec1n truy c\u1eadp v\u00e0o t\u00e0i kho\u1ea3n c\u1ee7a b\u1ea1n v\u00e0 cho c\u00e1c m\u1ee5c \u0111\u00edch kh\u00e1c \u0111\u01b0\u1ee3c m\u00f4 t\u1ea3 trong [ch\u00ednh s\u00e1ch b\u1ea3o m\u1eadt].<\/p>\n<\/div>\n\t\t\t<p class=\"woocommerce-form-row form-row\">\n\t\t\t\t<input type=\"hidden\" id=\"woocommerce-register-nonce\" name=\"woocommerce-register-nonce\" value=\"470a8baa69\" \/><input type=\"hidden\" name=\"_wp_http_referer\" value=\"\/index.php?rest_route=%2Fwp%2Fv2%2Fpages%2F16\" \/>\t\t\t\t<button type=\"submit\" class=\"woocommerce-Button woocommerce-button button wp-element-button woocommerce-form-register__submit\" name=\"register\" value=\"\u0110\u0103ng k\u00fd\">\u0110\u0103ng k\u00fd<\/button>\n\t\t\t<\/p>\n\n\t\t\t\n\t\t<\/form>\n\n\t<\/div>\n\n<\/div>\n\n<\/div>\n","protected":false},"excerpt":{"rendered":"","protected":false},"author":1,"featured_media":0,"parent":0,"menu_order":0,"comment_status":"closed","ping_status":"closed","template":"","meta":{"_mi_skip_tracking":false},"acf":[],"aioseo_notices":[],"_links":{"self":[{"href":"https:\/\/hemxeeobi.com\/index.php?rest_route=\/wp\/v2\/pages\/16"}],"collection":[{"href":"https:\/\/hemxeeobi.com\/index.php?rest_route=\/wp\/v2\/pages"}],"about":[{"href":"https:\/\/hemxeeobi.com\/index.php?rest_route=\/wp\/v2\/types\/page"}],"author":[{"embeddable":true,"href":"https:\/\/hemxeeobi.com\/index.php?rest_route=\/wp\/v2\/users\/1"}],"replies":[{"embeddable":true,"href":"https:\/\/hemxeeobi.com\/index.php?rest_route=%2Fwp%2Fv2%2Fcomments&post=16"}],"version-history":[{"count":0,"href":"https:\/\/hemxeeobi.com\/index.php?rest_route=\/wp\/v2\/pages\/16\/revisions"}],"wp:attachment":[{"href":"https:\/\/hemxeeobi.com\/index.php?rest_route=%2Fwp%2Fv2%2Fmedia&parent=16"}],"curies":[{"name":"wp","href":"https:\/\/api.w.org\/{rel}","templated":true}]}}